{"id":156,"date":"2025-05-13T15:45:36","date_gmt":"2025-05-13T13:45:36","guid":{"rendered":"https:\/\/wireshare.lol\/?page_id=156"},"modified":"2025-06-20T10:26:05","modified_gmt":"2025-06-20T08:26:05","slug":"ueber-mich","status":"publish","type":"page","link":"https:\/\/reh-gal.at\/index.php\/ueber-mich\/","title":{"rendered":"\u00dcber mich"},"content":{"rendered":"\t\t<div data-elementor-type=\"wp-page\" data-elementor-id=\"156\" class=\"elementor elementor-156\" data-elementor-post-type=\"page\">\n\t\t\t\t<div class=\"elementor-element elementor-element-68cb2c4 e-con-full e-flex e-con e-parent\" data-id=\"68cb2c4\" data-element_type=\"container\">\n\t\t\t\t<div class=\"elementor-element elementor-element-2ff122d elementor-widget elementor-widget-image\" data-id=\"2ff122d\" data-element_type=\"widget\" data-widget_type=\"image.default\">\n\t\t\t\t<div class=\"elementor-widget-container\">\n\t\t\t\t\t\t\t\t\t\t\t\t\t\t\t<img fetchpriority=\"high\" decoding=\"async\" width=\"2560\" height=\"626\" src=\"https:\/\/reh-gal.at\/wp-content\/uploads\/2025\/05\/kathi-compressed-large-scaled.jpg\" class=\"attachment-full size-full wp-image-449\" alt=\"kathi-compressed-large-hero\" srcset=\"https:\/\/reh-gal.at\/wp-content\/uploads\/2025\/05\/kathi-compressed-large-scaled.jpg 2560w, https:\/\/reh-gal.at\/wp-content\/uploads\/2025\/05\/kathi-compressed-large-300x73.jpg 300w, https:\/\/reh-gal.at\/wp-content\/uploads\/2025\/05\/kathi-compressed-large-1024x250.jpg 1024w, https:\/\/reh-gal.at\/wp-content\/uploads\/2025\/05\/kathi-compressed-large-768x188.jpg 768w, https:\/\/reh-gal.at\/wp-content\/uploads\/2025\/05\/kathi-compressed-large-1536x375.jpg 1536w, https:\/\/reh-gal.at\/wp-content\/uploads\/2025\/05\/kathi-compressed-large-2048x500.jpg 2048w, https:\/\/reh-gal.at\/wp-content\/uploads\/2025\/05\/kathi-compressed-large-1000x244.jpg 1000w\" sizes=\"(max-width: 2560px) 100vw, 2560px\" \/>\t\t\t\t\t\t\t\t\t\t\t\t\t\t\t<\/div>\n\t\t\t\t<\/div>\n\t\t\t\t<\/div>\n\t\t<div class=\"elementor-element elementor-element-e72cbb4 e-flex e-con-boxed e-con e-parent\" data-id=\"e72cbb4\" data-element_type=\"container\">\n\t\t\t\t\t<div class=\"e-con-inner\">\n\t\t\t\t<div class=\"elementor-element elementor-element-396238f elementor-widget elementor-widget-spacer\" data-id=\"396238f\" data-element_type=\"widget\" data-widget_type=\"spacer.default\">\n\t\t\t\t<div class=\"elementor-widget-container\">\n\t\t\t\t\t\t\t<div class=\"elementor-spacer\">\n\t\t\t<div class=\"elementor-spacer-inner\"><\/div>\n\t\t<\/div>\n\t\t\t\t\t\t<\/div>\n\t\t\t\t<\/div>\n\t\t\t\t<div class=\"elementor-element elementor-element-d40d6e9 section-title elementor-widget elementor-widget-heading\" data-id=\"d40d6e9\" data-element_type=\"widget\" data-widget_type=\"heading.default\">\n\t\t\t\t<div class=\"elementor-widget-container\">\n\t\t\t\t\t<h2 class=\"elementor-heading-title elementor-size-default\">\u00dcber Mich<\/h2>\t\t\t\t<\/div>\n\t\t\t\t<\/div>\n\t\t<div class=\"elementor-element elementor-element-011f12b e-con-full e-flex e-con e-child\" data-id=\"011f12b\" data-element_type=\"container\">\n\t\t<div class=\"elementor-element elementor-element-5094a0b e-con-full e-flex e-con e-child\" data-id=\"5094a0b\" data-element_type=\"container\">\n\t\t\t\t<div class=\"elementor-element elementor-element-298a329 elementor-invisible elementor-widget elementor-widget-image\" data-id=\"298a329\" data-element_type=\"widget\" data-settings=\"{&quot;_animation&quot;:&quot;fadeInLeft&quot;}\" data-widget_type=\"image.default\">\n\t\t\t\t<div class=\"elementor-widget-container\">\n\t\t\t\t\t\t\t\t\t\t\t\t\t\t\t<img decoding=\"async\" width=\"768\" height=\"1152\" src=\"https:\/\/reh-gal.at\/wp-content\/uploads\/2025\/05\/FZ82064-Large-768x1152.jpeg\" class=\"attachment-medium_large size-medium_large wp-image-457\" alt=\"\" srcset=\"https:\/\/reh-gal.at\/wp-content\/uploads\/2025\/05\/FZ82064-Large-768x1152.jpeg 768w, https:\/\/reh-gal.at\/wp-content\/uploads\/2025\/05\/FZ82064-Large-200x300.jpeg 200w, https:\/\/reh-gal.at\/wp-content\/uploads\/2025\/05\/FZ82064-Large-682x1024.jpeg 682w, https:\/\/reh-gal.at\/wp-content\/uploads\/2025\/05\/FZ82064-Large.jpeg 853w\" sizes=\"(max-width: 768px) 100vw, 768px\" \/>\t\t\t\t\t\t\t\t\t\t\t\t\t\t\t<\/div>\n\t\t\t\t<\/div>\n\t\t\t\t<\/div>\n\t\t<div class=\"elementor-element elementor-element-082aabe e-con-full e-flex e-con e-child\" data-id=\"082aabe\" data-element_type=\"container\">\n\t\t\t\t<div class=\"elementor-element elementor-element-e2e58e2 elementor-invisible elementor-widget elementor-widget-text-editor\" data-id=\"e2e58e2\" data-element_type=\"widget\" data-settings=\"{&quot;_animation&quot;:&quot;fadeInUp&quot;}\" data-widget_type=\"text-editor.default\">\n\t\t\t\t<div class=\"elementor-widget-container\">\n\t\t\t\t\t\t\t\t\t<p>Hallo!<br><br> Ich hei\u00dfe Kati, beziehungsweise Katrin Petrovic.<br> Kreative im Alter von 35 Jahren, die mit Herzblut, Hingabe und Weitblick unternehmerisch t\u00e4tig sind.<br><br> Ich habe nur kurz vor der Corona-Pandemie den mutigen Schritt in die Selbst\u00e4ndigkeit gewagt und dabei meine Begeisterung f\u00fcr Ungeplantheit, Wandel und Kreativit\u00e4t entdeckt.<br><br> Seitdem habe ich eine Vorliebe daf\u00fcr entwickelt, neue Konzepte zu entwickeln, flexibel mit Ver\u00e4nderungen umzugehen und Konzepte mit Tiefgang umzusetzen.<br> Ich entwickle mit einem feinen Gesp\u00fcr f\u00fcr Menschen, Trends und Bed\u00fcrfnisse Angebote, die inspirieren, bewegen und echten Nutzen bringen \u2013 stets im Einklang mit dem Zeitgeist, meinen Prinzipien und den Bed\u00fcrfnissen meiner Kundschaft!<\/p>\t\t\t\t\t\t\t\t<\/div>\n\t\t\t\t<\/div>\n\t\t\t\t<\/div>\n\t\t\t\t<\/div>\n\t\t\t\t<div class=\"elementor-element elementor-element-2c17b44 elementor-widget elementor-widget-spacer\" data-id=\"2c17b44\" data-element_type=\"widget\" data-widget_type=\"spacer.default\">\n\t\t\t\t<div class=\"elementor-widget-container\">\n\t\t\t\t\t\t\t<div class=\"elementor-spacer\">\n\t\t\t<div class=\"elementor-spacer-inner\"><\/div>\n\t\t<\/div>\n\t\t\t\t\t\t<\/div>\n\t\t\t\t<\/div>\n\t\t\t\t<div class=\"elementor-element elementor-element-d752fb3 section-title elementor-widget elementor-widget-heading\" data-id=\"d752fb3\" data-element_type=\"widget\" data-widget_type=\"heading.default\">\n\t\t\t\t<div class=\"elementor-widget-container\">\n\t\t\t\t\t<h2 class=\"elementor-heading-title elementor-size-default\">Sonstiges<\/h2>\t\t\t\t<\/div>\n\t\t\t\t<\/div>\n\t\t\t\t<div class=\"elementor-element elementor-element-da7e53b elementor-widget elementor-widget-text-editor\" data-id=\"da7e53b\" data-element_type=\"widget\" data-widget_type=\"text-editor.default\">\n\t\t\t\t<div class=\"elementor-widget-container\">\n\t\t\t\t\t\t\t\t\t<ul><li>Ich stelle unser Sortiment pers\u00f6nlich und mit h\u00f6chster Sorgfalt zusammen, dabei habe ich ein feines Gesp\u00fcr f\u00fcr Trends, einen hohen Qualit\u00e4tsanspruch und viel Liebe zum Detail. Angetrieben werde ich dabei von meiner Kreativit\u00e4t und meiner Leidenschaft f\u00fcr Dekoration und Styling.<\/li><li>Mein Ziel ist es, mehr als nur einen Store anzubieten \u2013 ich m\u00f6chte einen Ort zum Entdecken, Verweilen und Staunen schaffen. F\u00fcr mich ist Reh-Gal nicht nur ein Gesch\u00e4ft, sondern ein Raum voller Ideen und Individualit\u00e4t.<\/li><li>Wir wollen, dass exklusive Marken und besondere Produkte bei uns ihren Platz haben \u2013 und von hier aus in die Welt hinausgetragen werden.<\/li><\/ul>\t\t\t\t\t\t\t\t<\/div>\n\t\t\t\t<\/div>\n\t\t\t\t<div class=\"elementor-element elementor-element-3c4b3dd elementor-widget elementor-widget-spacer\" data-id=\"3c4b3dd\" data-element_type=\"widget\" data-widget_type=\"spacer.default\">\n\t\t\t\t<div class=\"elementor-widget-container\">\n\t\t\t\t\t\t\t<div class=\"elementor-spacer\">\n\t\t\t<div class=\"elementor-spacer-inner\"><\/div>\n\t\t<\/div>\n\t\t\t\t\t\t<\/div>\n\t\t\t\t<\/div>\n\t\t\t\t\t<\/div>\n\t\t\t\t<\/div>\n\t\t\t\t<\/div>\n\t\t","protected":false},"excerpt":{"rendered":"<p>\u00dcber Mich Hallo! Ich hei\u00dfe Kati, beziehungsweise Katrin Petrovic. Kreative im Alter von 35 Jahren, die mit Herzblut, Hingabe und [&hellip;]<\/p>\n","protected":false},"author":1,"featured_media":0,"parent":0,"menu_order":0,"comment_status":"closed","ping_status":"closed","template":"","meta":{"site-sidebar-layout":"no-sidebar","site-content-layout":"","ast-site-content-layout":"full-width-container","site-content-style":"default","site-sidebar-style":"default","ast-global-header-display":"","ast-banner-title-visibility":"","ast-main-header-display":"","ast-hfb-above-header-display":"","ast-hfb-below-header-display":"","ast-hfb-mobile-header-display":"","site-post-title":"disabled","ast-breadcrumbs-content":"","ast-featured-img":"disabled","footer-sml-layout":"","ast-disable-related-posts":"","theme-transparent-header-meta":"","adv-header-id-meta":"","stick-header-meta":"","header-above-stick-meta":"","header-main-stick-meta":"","header-below-stick-meta":"","astra-migrate-meta-layouts":"default","ast-page-background-enabled":"default","ast-page-background-meta":{"desktop":{"background-color":"var(--ast-global-color-5)","background-image":"","background-repeat":"repeat","background-position":"center center","background-size":"auto","background-attachment":"scroll","background-type":"","background-media":"","overlay-type":"","overlay-color":"","overlay-opacity":"","overlay-gradient":""},"tablet":{"background-color":"","background-image":"","background-repeat":"repeat","background-position":"center center","background-size":"auto","background-attachment":"scroll","background-type":"","background-media":"","overlay-type":"","overlay-color":"","overlay-opacity":"","overlay-gradient":""},"mobile":{"background-color":"","background-image":"","background-repeat":"repeat","background-position":"center center","background-size":"auto","background-attachment":"scroll","background-type":"","background-media":"","overlay-type":"","overlay-color":"","overlay-opacity":"","overlay-gradient":""}},"ast-content-background-meta":{"desktop":{"background-color":"var(--ast-global-color-4)","background-image":"","background-repeat":"repeat","background-position":"center center","background-size":"auto","background-attachment":"scroll","background-type":"","background-media":"","overlay-type":"","overlay-color":"","overlay-opacity":"","overlay-gradient":""},"tablet":{"background-color":"var(--ast-global-color-4)","background-image":"","background-repeat":"repeat","background-position":"center center","background-size":"auto","background-attachment":"scroll","background-type":"","background-media":"","overlay-type":"","overlay-color":"","overlay-opacity":"","overlay-gradient":""},"mobile":{"background-color":"var(--ast-global-color-4)","background-image":"","background-repeat":"repeat","background-position":"center center","background-size":"auto","background-attachment":"scroll","background-type":"","background-media":"","overlay-type":"","overlay-color":"","overlay-opacity":"","overlay-gradient":""}},"footnotes":""},"class_list":["post-156","page","type-page","status-publish","hentry"],"jetpack_sharing_enabled":true,"_links":{"self":[{"href":"https:\/\/reh-gal.at\/index.php\/wp-json\/wp\/v2\/pages\/156","targetHints":{"allow":["GET"]}}],"collection":[{"href":"https:\/\/reh-gal.at\/index.php\/wp-json\/wp\/v2\/pages"}],"about":[{"href":"https:\/\/reh-gal.at\/index.php\/wp-json\/wp\/v2\/types\/page"}],"author":[{"embeddable":true,"href":"https:\/\/reh-gal.at\/index.php\/wp-json\/wp\/v2\/users\/1"}],"replies":[{"embeddable":true,"href":"https:\/\/reh-gal.at\/index.php\/wp-json\/wp\/v2\/comments?post=156"}],"version-history":[{"count":42,"href":"https:\/\/reh-gal.at\/index.php\/wp-json\/wp\/v2\/pages\/156\/revisions"}],"predecessor-version":[{"id":605,"href":"https:\/\/reh-gal.at\/index.php\/wp-json\/wp\/v2\/pages\/156\/revisions\/605"}],"wp:attachment":[{"href":"https:\/\/reh-gal.at\/index.php\/wp-json\/wp\/v2\/media?parent=156"}],"curies":[{"name":"wp","href":"https:\/\/api.w.org\/{rel}","templated":true}]}}